{"id":3051,"date":"2025-10-29T22:10:08","date_gmt":"2025-10-29T21:10:08","guid":{"rendered":"https:\/\/colarquim.com\/?page_id=3051"},"modified":"2025-11-24T15:29:06","modified_gmt":"2025-11-24T20:29:06","slug":"plataforma-estrategica-2026","status":"publish","type":"page","link":"https:\/\/colarquim.com\/en\/plataforma-estrategica-2026\/","title":{"rendered":"PLATAFORMA ESTRAT\u00c9GICA 2026"},"content":{"rendered":"<div class=\"wp-block-group\"><div class=\"wp-block-group__inner-container is-layout-constrained wp-block-group-is-layout-constrained\">\n<p><b>INTEGRATED POLICY<\/b><\/p>\n<p><span style=\"font-weight: 400;\">At <\/span><b>Colarquim S.A.S.,<\/b><span style=\"font-weight: 400;\"> creemos firmemente que, a trav\u00e9s del esfuerzo y la colaboraci\u00f3n sin\u00e9rgica con nuestros stakeholders, as\u00ed como mediante el mejoramiento continuo de nuestro Sistema de Gesti\u00f3n Integrado y visi\u00f3n estrat\u00e9gica, continuaremos desarrollando productos a la medida, innovadores y biotecnol\u00f3gicos que satisfagan las necesidades m\u00e1s exigentes de nuestros clientes y del mercado,<\/span> <span style=\"font-weight: 400;\">garantizando siempre el cumplimiento normativo.<\/span><\/p>\n<p>\u00a0<\/p>\n<p><span style=\"font-weight: 400;\">Asimismo, promovemos la capacitaci\u00f3n permanente de nuestro talento humano y la innovaci\u00f3n tecnol\u00f3gica en nuestros procesos, permitiendo incrementar nuestra competitividad, fidelizar a nuestros clientes actuales y expandir nuestra presencia en nuevos segmentos de mercado, bajo una cultura de responsabilidad entre nuestros colaboradores, proveedores, socios estrat\u00e9gicos y protecci\u00f3n del medio ambiente. Adem\u00e1s, reforzamos internamente nuestro compromiso con la seguridad, el cuidado y el valor de las personas, creando ambientes seguros, mitigando riesgos y promoviendo la equidad, la diversidad y la inclusi\u00f3n en todos los niveles de nuestra organizaci\u00f3n.<\/span><\/p>\n<p>\u00a0<\/p>\n<p><b>WORKING WITH PURPOSE<\/b><\/p>\n<p><span style=\"font-weight: 400;\">Our purpose is to offer custom chemical solutions for the industrial sectors in which we have influence, establishing strategic and trustworthy relationships with our interest groups, thus contributing to a sustainable present and future.<\/span><\/p>\n<p>\u00a0<\/p>\n<p><b>SOMOS\u00a0VISIONARIOS<\/b><span style=\"font-weight: 400;\"><br \/><\/span><span style=\"font-weight: 400;\">We will be a leading organization in the industrial sectors in which we have influence, serving as a reference in innovation, development, and compliance in the national and international market, ensuring sustainable growth for all interest groups.\u00a0<\/span><\/p>\n<p>\u00a0<\/p>\n<p><b>INTEGRATED OBJECTIVES<\/b><\/p>\n<ol>\n<li style=\"font-weight: 400;\" aria-level=\"1\"><span style=\"font-weight: 400;\">To be and remain as strategic allies of our customers, offering products and services that respond to their needs.<\/span><\/li>\n<li style=\"font-weight: 400;\" aria-level=\"1\"><span style=\"font-weight: 400;\">To strengthen trust with our customers through personalized service, fulfillment of commitments, comprehensive continuous improvement, and transparent communication.<\/span><\/li>\n<li style=\"font-weight: 400;\" aria-level=\"1\"><span style=\"font-weight: 400;\">To strengthen the competencies and skills of our human talent through constant training and education.<\/span><\/li>\n<li style=\"font-weight: 400;\" aria-level=\"1\"><span style=\"font-weight: 400;\">To fulfill the current regulations applicable to the organization in terms of quality, safety, health, and environment.<\/span><\/li>\n<li style=\"font-weight: 400;\" aria-level=\"1\"><span style=\"font-weight: 400;\">To implement sustainable strategies that strengthen the added value of the organization and consolidate a culture of commitment with its interest groups.<\/span><\/li>\n<li style=\"font-weight: 400;\" aria-level=\"1\"><span style=\"font-weight: 400;\">To identify, evaluate, and manage risks by implementing the necessary controls for their prevention and mitigation.<\/span><\/li>\n<\/ol>\n<p>\u00a0<\/p>\n<p><b>VALORES<\/b><\/p>\n<ul>\n<li style=\"font-weight: 400;\" aria-level=\"1\"><b>Honestidad.<\/b><span style=\"font-weight: 400;\">\u00a0The willingness to act consistently while respecting good practices, moral principles, and the property of others.<\/span><\/li>\n<li style=\"font-weight: 400;\" aria-level=\"1\"><b>Integridad.<\/b><span style=\"font-weight: 400;\">\u00a0The ability to act in the best possible way\u2014guided by high moral and ethical values\u2014under all circumstances.<\/span><\/li>\n<li style=\"font-weight: 400;\" aria-level=\"1\"><b>Lealtad.\u00a0<\/b><span style=\"font-weight: 400;\">A sense of respect and fidelity toward individuals, our commitments, and the organization.<\/span><\/li>\n<li style=\"font-weight: 400;\" aria-level=\"1\"><b>Respeto.\u00a0<\/b><span style=\"font-weight: 400;\">Acceptance and positive appreciation that leads to the recognition of one's own rights and dignity, as well as those of others.<\/span><\/li>\n<li style=\"font-weight: 400;\" aria-level=\"1\"><b>Responsabilidad.<\/b><span style=\"font-weight: 400;\">\u00a0Fulfilling duties, decisions, and outcomes ethically and in a timely manner. We take ownership of the consequences of our actions and contribute to the well-being of the organization and its stakeholders.<\/span><\/li>\n<li style=\"font-weight: 400;\" aria-level=\"1\"><b>Equidad.<\/b><span style=\"font-weight: 400;\">\u00a0Providing equal opportunities for development, compensation, and participation, regardless of gender orientation.<\/span><\/li>\n<\/ul>\n<p>\u00a0<\/p>\n<p><b>ORGANIZATIONAL COMPETENCIES<\/b><\/p>\n<ul>\n<li style=\"font-weight: 400;\" aria-level=\"1\"><b>Aprendizaje continuo. <\/b><span style=\"font-weight: 400;\">Capacidad para aprender y aplicar de forma continua nuevos conocimientos y habilidades que fortalezcan el desempe\u00f1o de la organizaci\u00f3n, impulsen la innovaci\u00f3n y aseguren la adaptaci\u00f3n, y mejora constante de procesos, productos y servicios<\/span><b>.<\/b><\/li>\n<li style=\"font-weight: 400;\" aria-level=\"1\"><b>Enfoque en el cliente.\u00a0<\/b><span style=\"font-weight: 400;\">The mindset and capability to understand the needs of others (customers, colleagues, and team members), translated into decisive support and effective actions.<\/span><\/li>\n<li style=\"font-weight: 400;\" aria-level=\"1\"><b>Flexibilidad.<\/b><span style=\"font-weight: 400;\">\u00a0The capacity to adapt to work environments and their inherent changes, aiming to seize new opportunities and challenges presented by the market.<\/span><\/li>\n<li style=\"font-weight: 400;\" aria-level=\"1\"><b>Visi\u00f3n de futuro.<\/b><span style=\"font-weight: 400;\"> Driving conscious and strategic growth that guarantees market positioning and long-term sustainability.<\/span><\/li>\n<li style=\"font-weight: 400;\" aria-level=\"1\"><b>Adaptabilidad.<\/b><span style=\"font-weight: 400;\"> Embracing environmental changes with openness and flexibility, transforming them into opportunities for continuous improvement.<\/span><\/li>\n<\/ul>\n<p>\u00a0<\/p>\n<\/div><\/div>\n\n\n\n<p><\/p>","protected":false},"excerpt":{"rendered":"<p><!-- Built With Bricks --><\/p>","protected":false},"author":1,"featured_media":0,"parent":0,"menu_order":0,"comment_status":"closed","ping_status":"closed","template":"","meta":{"footnotes":""},"class_list":["post-3051","page","type-page","status-publish","hentry"],"yoast_head":"<!-- This site is optimized with the Yoast SEO plugin v27.3 - https:\/\/yoast.com\/product\/yoast-seo-wordpress\/ -->\n<title>PLATAFORMA ESTRAT\u00c9GICA 2026 - Colarquim<\/title>\n<meta name=\"robots\" content=\"index, follow, max-snippet:-1, max-image-preview:large, max-video-preview:-1\" \/>\n<link rel=\"canonical\" href=\"https:\/\/colarquim.com\/en\/plataforma-estrategica-2026\/\" \/>\n<meta property=\"og:locale\" content=\"en_US\" \/>\n<meta property=\"og:type\" content=\"article\" \/>\n<meta property=\"og:title\" content=\"PLATAFORMA ESTRAT\u00c9GICA 2026 - Colarquim\" \/>\n<meta property=\"og:url\" content=\"https:\/\/colarquim.com\/en\/plataforma-estrategica-2026\/\" \/>\n<meta property=\"og:site_name\" content=\"Colarquim\" \/>\n<meta property=\"article:publisher\" content=\"https:\/\/m.facebook.com\/Colarquim-SAS-1606127473000338\/\" \/>\n<meta property=\"article:modified_time\" content=\"2025-11-24T20:29:06+00:00\" \/>\n<meta name=\"twitter:card\" content=\"summary_large_image\" \/>\n<meta name=\"twitter:label1\" content=\"Est. reading time\" \/>\n\t<meta name=\"twitter:data1\" content=\"5 minutes\" \/>\n<script type=\"application\/ld+json\" class=\"yoast-schema-graph\">{\"@context\":\"https:\\\/\\\/schema.org\",\"@graph\":[{\"@type\":\"WebPage\",\"@id\":\"https:\\\/\\\/colarquim.com\\\/plataforma-estrategica-2026\\\/\",\"url\":\"https:\\\/\\\/colarquim.com\\\/plataforma-estrategica-2026\\\/\",\"name\":\"PLATAFORMA ESTRAT\u00c9GICA 2026 - Colarquim\",\"isPartOf\":{\"@id\":\"https:\\\/\\\/colarquim.com\\\/en\\\/#website\"},\"datePublished\":\"2025-10-29T21:10:08+00:00\",\"dateModified\":\"2025-11-24T20:29:06+00:00\",\"breadcrumb\":{\"@id\":\"https:\\\/\\\/colarquim.com\\\/plataforma-estrategica-2026\\\/#breadcrumb\"},\"inLanguage\":\"en-US\",\"potentialAction\":[{\"@type\":\"ReadAction\",\"target\":[\"https:\\\/\\\/colarquim.com\\\/plataforma-estrategica-2026\\\/\"]}]},{\"@type\":\"BreadcrumbList\",\"@id\":\"https:\\\/\\\/colarquim.com\\\/plataforma-estrategica-2026\\\/#breadcrumb\",\"itemListElement\":[{\"@type\":\"ListItem\",\"position\":1,\"name\":\"Portada\",\"item\":\"https:\\\/\\\/colarquim.com\\\/\"},{\"@type\":\"ListItem\",\"position\":2,\"name\":\"PLATAFORMA ESTRAT\u00c9GICA 2026\"}]},{\"@type\":\"WebSite\",\"@id\":\"https:\\\/\\\/colarquim.com\\\/en\\\/#website\",\"url\":\"https:\\\/\\\/colarquim.com\\\/en\\\/\",\"name\":\"Colarquim\",\"description\":\"Proveemos soluciones\",\"publisher\":{\"@id\":\"https:\\\/\\\/colarquim.com\\\/en\\\/#organization\"},\"potentialAction\":[{\"@type\":\"SearchAction\",\"target\":{\"@type\":\"EntryPoint\",\"urlTemplate\":\"https:\\\/\\\/colarquim.com\\\/en\\\/?s={search_term_string}\"},\"query-input\":{\"@type\":\"PropertyValueSpecification\",\"valueRequired\":true,\"valueName\":\"search_term_string\"}}],\"inLanguage\":\"en-US\"},{\"@type\":\"Organization\",\"@id\":\"https:\\\/\\\/colarquim.com\\\/en\\\/#organization\",\"name\":\"Colarquim\",\"url\":\"https:\\\/\\\/colarquim.com\\\/en\\\/\",\"logo\":{\"@type\":\"ImageObject\",\"inLanguage\":\"en-US\",\"@id\":\"https:\\\/\\\/colarquim.com\\\/en\\\/#\\\/schema\\\/logo\\\/image\\\/\",\"url\":\"https:\\\/\\\/colarquim.com\\\/wp-content\\\/uploads\\\/2019\\\/09\\\/logo-home@2x.png\",\"contentUrl\":\"https:\\\/\\\/colarquim.com\\\/wp-content\\\/uploads\\\/2019\\\/09\\\/logo-home@2x.png\",\"width\":292,\"height\":146,\"caption\":\"Colarquim\"},\"image\":{\"@id\":\"https:\\\/\\\/colarquim.com\\\/en\\\/#\\\/schema\\\/logo\\\/image\\\/\"},\"sameAs\":[\"https:\\\/\\\/m.facebook.com\\\/Colarquim-SAS-1606127473000338\\\/\"]}]}<\/script>\n<!-- \/ Yoast SEO plugin. -->","yoast_head_json":{"title":"PLATAFORMA ESTRAT\u00c9GICA 2026 - Colarquim","robots":{"index":"index","follow":"follow","max-snippet":"max-snippet:-1","max-image-preview":"max-image-preview:large","max-video-preview":"max-video-preview:-1"},"canonical":"https:\/\/colarquim.com\/en\/plataforma-estrategica-2026\/","og_locale":"en_US","og_type":"article","og_title":"PLATAFORMA ESTRAT\u00c9GICA 2026 - Colarquim","og_url":"https:\/\/colarquim.com\/en\/plataforma-estrategica-2026\/","og_site_name":"Colarquim","article_publisher":"https:\/\/m.facebook.com\/Colarquim-SAS-1606127473000338\/","article_modified_time":"2025-11-24T20:29:06+00:00","twitter_card":"summary_large_image","twitter_misc":{"Est. reading time":"5 minutes"},"schema":{"@context":"https:\/\/schema.org","@graph":[{"@type":"WebPage","@id":"https:\/\/colarquim.com\/plataforma-estrategica-2026\/","url":"https:\/\/colarquim.com\/plataforma-estrategica-2026\/","name":"PLATAFORMA ESTRAT\u00c9GICA 2026 - Colarquim","isPartOf":{"@id":"https:\/\/colarquim.com\/en\/#website"},"datePublished":"2025-10-29T21:10:08+00:00","dateModified":"2025-11-24T20:29:06+00:00","breadcrumb":{"@id":"https:\/\/colarquim.com\/plataforma-estrategica-2026\/#breadcrumb"},"inLanguage":"en-US","potentialAction":[{"@type":"ReadAction","target":["https:\/\/colarquim.com\/plataforma-estrategica-2026\/"]}]},{"@type":"BreadcrumbList","@id":"https:\/\/colarquim.com\/plataforma-estrategica-2026\/#breadcrumb","itemListElement":[{"@type":"ListItem","position":1,"name":"Portada","item":"https:\/\/colarquim.com\/"},{"@type":"ListItem","position":2,"name":"PLATAFORMA ESTRAT\u00c9GICA 2026"}]},{"@type":"WebSite","@id":"https:\/\/colarquim.com\/en\/#website","url":"https:\/\/colarquim.com\/en\/","name":"Colarquim","description":"Proveemos soluciones","publisher":{"@id":"https:\/\/colarquim.com\/en\/#organization"},"potentialAction":[{"@type":"SearchAction","target":{"@type":"EntryPoint","urlTemplate":"https:\/\/colarquim.com\/en\/?s={search_term_string}"},"query-input":{"@type":"PropertyValueSpecification","valueRequired":true,"valueName":"search_term_string"}}],"inLanguage":"en-US"},{"@type":"Organization","@id":"https:\/\/colarquim.com\/en\/#organization","name":"Colarquim","url":"https:\/\/colarquim.com\/en\/","logo":{"@type":"ImageObject","inLanguage":"en-US","@id":"https:\/\/colarquim.com\/en\/#\/schema\/logo\/image\/","url":"https:\/\/colarquim.com\/wp-content\/uploads\/2019\/09\/logo-home@2x.png","contentUrl":"https:\/\/colarquim.com\/wp-content\/uploads\/2019\/09\/logo-home@2x.png","width":292,"height":146,"caption":"Colarquim"},"image":{"@id":"https:\/\/colarquim.com\/en\/#\/schema\/logo\/image\/"},"sameAs":["https:\/\/m.facebook.com\/Colarquim-SAS-1606127473000338\/"]}]}},"_links":{"self":[{"href":"https:\/\/colarquim.com\/en\/wp-json\/wp\/v2\/pages\/3051","targetHints":{"allow":["GET"]}}],"collection":[{"href":"https:\/\/colarquim.com\/en\/wp-json\/wp\/v2\/pages"}],"about":[{"href":"https:\/\/colarquim.com\/en\/wp-json\/wp\/v2\/types\/page"}],"author":[{"embeddable":true,"href":"https:\/\/colarquim.com\/en\/wp-json\/wp\/v2\/users\/1"}],"replies":[{"embeddable":true,"href":"https:\/\/colarquim.com\/en\/wp-json\/wp\/v2\/comments?post=3051"}],"version-history":[{"count":46,"href":"https:\/\/colarquim.com\/en\/wp-json\/wp\/v2\/pages\/3051\/revisions"}],"predecessor-version":[{"id":3256,"href":"https:\/\/colarquim.com\/en\/wp-json\/wp\/v2\/pages\/3051\/revisions\/3256"}],"wp:attachment":[{"href":"https:\/\/colarquim.com\/en\/wp-json\/wp\/v2\/media?parent=3051"}],"curies":[{"name":"wp","href":"https:\/\/api.w.org\/{rel}","templated":true}]}}